 {"id":1929,"date":"2023-08-29T02:58:32","date_gmt":"2023-08-29T05:58:32","guid":{"rendered":"https:\/\/obspenalbrumadinho.com.br\/proceedings\/processes-germany\/"},"modified":"2024-01-22T17:46:33","modified_gmt":"2024-01-22T20:46:33","slug":"processes-germany","status":"publish","type":"page","link":"https:\/\/obspenalbrumadinho.com.br\/en\/proceedings\/processes-germany\/","title":{"rendered":"Processes Germany"},"content":{"rendered":"","protected":false},"excerpt":{"rendered":"","protected":false},"author":1,"featured_media":0,"parent":1928,"menu_order":0,"comment_status":"closed","ping_status":"closed","template":"page-templates\/modular.php","meta":{"_acf_changed":false,"footnotes":""},"class_list":["post-1929","page","type-page","status-publish","hentry"],"acf":[],"yoast_head":"<!-- This site is optimized with the Yoast SEO plugin v26.8 - https:\/\/yoast.com\/product\/yoast-seo-wordpress\/ -->\n<title>Processes Germany - Observat\u00f3rio das A\u00e7\u00f5es Penais sobre a Trag\u00e9dia de Brumadinho<\/title>\n<meta name=\"description\" content=\"Processes Germany %\" \/>\n<meta name=\"robots\" content=\"index, follow, max-snippet:-1, max-image-preview:large, max-video-preview:-1\" \/>\n<link rel=\"canonical\" href=\"https:\/\/obspenalbrumadinho.com.br\/en\/proceedings\/processes-germany\/\" \/>\n<meta property=\"og:locale\" content=\"en_US\" \/>\n<meta property=\"og:type\" content=\"article\" \/>\n<meta property=\"og:title\" content=\"Processes Germany - Observat\u00f3rio das A\u00e7\u00f5es Penais sobre a Trag\u00e9dia de Brumadinho\" \/>\n<meta property=\"og:description\" content=\"Processes Germany %\" \/>\n<meta property=\"og:url\" content=\"https:\/\/obspenalbrumadinho.com.br\/en\/proceedings\/processes-germany\/\" \/>\n<meta property=\"og:site_name\" content=\"Observat\u00f3rio das A\u00e7\u00f5es Penais sobre a Trag\u00e9dia de Brumadinho\" \/>\n<meta property=\"article:modified_time\" content=\"2024-01-22T20:46:33+00:00\" \/>\n<meta name=\"twitter:card\" content=\"summary_large_image\" \/>\n<script type=\"application\/ld+json\" class=\"yoast-schema-graph\">{\"@context\":\"https:\/\/schema.org\",\"@graph\":[{\"@type\":\"WebPage\",\"@id\":\"https:\/\/obspenalbrumadinho.com.br\/en\/proceedings\/processes-germany\/\",\"url\":\"https:\/\/obspenalbrumadinho.com.br\/en\/proceedings\/processes-germany\/\",\"name\":\"Processes Germany - Observat\u00f3rio das A\u00e7\u00f5es Penais sobre a Trag\u00e9dia de Brumadinho\",\"isPartOf\":{\"@id\":\"https:\/\/obspenalbrumadinho.com.br\/#website\"},\"datePublished\":\"2023-08-29T05:58:32+00:00\",\"dateModified\":\"2024-01-22T20:46:33+00:00\",\"description\":\"Processes Germany %\",\"breadcrumb\":{\"@id\":\"https:\/\/obspenalbrumadinho.com.br\/en\/proceedings\/processes-germany\/#breadcrumb\"},\"inLanguage\":\"en-US\",\"potentialAction\":[{\"@type\":\"ReadAction\",\"target\":[\"https:\/\/obspenalbrumadinho.com.br\/en\/proceedings\/processes-germany\/\"]}]},{\"@type\":\"BreadcrumbList\",\"@id\":\"https:\/\/obspenalbrumadinho.com.br\/en\/proceedings\/processes-germany\/#breadcrumb\",\"itemListElement\":[{\"@type\":\"ListItem\",\"position\":1,\"name\":\"Home\",\"item\":\"https:\/\/obspenalbrumadinho.com.br\/en\/\"},{\"@type\":\"ListItem\",\"position\":2,\"name\":\"Proceedings\",\"item\":\"https:\/\/obspenalbrumadinho.com.br\/en\/proceedings\/\"},{\"@type\":\"ListItem\",\"position\":3,\"name\":\"Processes Germany\"}]},{\"@type\":\"WebSite\",\"@id\":\"https:\/\/obspenalbrumadinho.com.br\/#website\",\"url\":\"https:\/\/obspenalbrumadinho.com.br\/\",\"name\":\"Observat\u00f3rio das A\u00e7\u00f5es Penais sobre a Trag\u00e9dia de Brumadinho\",\"description\":\"Observat\u00f3rio das a\u00e7\u00f5es penais sobre a trag\u00e9dia de Brumadinho: acompanhe processos criminais no Brasil e na Alemanha, acervo online e not\u00edcias em defesa da justi\u00e7a.\",\"publisher\":{\"@id\":\"https:\/\/obspenalbrumadinho.com.br\/#organization\"},\"potentialAction\":[{\"@type\":\"SearchAction\",\"target\":{\"@type\":\"EntryPoint\",\"urlTemplate\":\"https:\/\/obspenalbrumadinho.com.br\/?s={search_term_string}\"},\"query-input\":{\"@type\":\"PropertyValueSpecification\",\"valueRequired\":true,\"valueName\":\"search_term_string\"}}],\"inLanguage\":\"en-US\"},{\"@type\":\"Organization\",\"@id\":\"https:\/\/obspenalbrumadinho.com.br\/#organization\",\"name\":\"Observat\u00f3rio das A\u00e7\u00f5es Penais sobre a Trag\u00e9dia de Brumadinho\",\"url\":\"https:\/\/obspenalbrumadinho.com.br\/\",\"logo\":{\"@type\":\"ImageObject\",\"inLanguage\":\"en-US\",\"@id\":\"https:\/\/obspenalbrumadinho.com.br\/#\/schema\/logo\/image\/\",\"url\":\"https:\/\/obspenalbrumadinho.com.br\/wp-content\/uploads\/2026\/02\/OBS-Logo-2025_Horizontal-1-scaled.png\",\"contentUrl\":\"https:\/\/obspenalbrumadinho.com.br\/wp-content\/uploads\/2026\/02\/OBS-Logo-2025_Horizontal-1-scaled.png\",\"width\":2560,\"height\":1098,\"caption\":\"Observat\u00f3rio das A\u00e7\u00f5es Penais sobre a Trag\u00e9dia de Brumadinho\"},\"image\":{\"@id\":\"https:\/\/obspenalbrumadinho.com.br\/#\/schema\/logo\/image\/\"}}]}<\/script>\n<!-- \/ Yoast SEO plugin. -->","yoast_head_json":{"title":"Processes Germany - Observat\u00f3rio das A\u00e7\u00f5es Penais sobre a Trag\u00e9dia de Brumadinho","description":"Processes Germany %","robots":{"index":"index","follow":"follow","max-snippet":"max-snippet:-1","max-image-preview":"max-image-preview:large","max-video-preview":"max-video-preview:-1"},"canonical":"https:\/\/obspenalbrumadinho.com.br\/en\/proceedings\/processes-germany\/","og_locale":"en_US","og_type":"article","og_title":"Processes Germany - Observat\u00f3rio das A\u00e7\u00f5es Penais sobre a Trag\u00e9dia de Brumadinho","og_description":"Processes Germany %","og_url":"https:\/\/obspenalbrumadinho.com.br\/en\/proceedings\/processes-germany\/","og_site_name":"Observat\u00f3rio das A\u00e7\u00f5es Penais sobre a Trag\u00e9dia de Brumadinho","article_modified_time":"2024-01-22T20:46:33+00:00","twitter_card":"summary_large_image","schema":{"@context":"https:\/\/schema.org","@graph":[{"@type":"WebPage","@id":"https:\/\/obspenalbrumadinho.com.br\/en\/proceedings\/processes-germany\/","url":"https:\/\/obspenalbrumadinho.com.br\/en\/proceedings\/processes-germany\/","name":"Processes Germany - Observat\u00f3rio das A\u00e7\u00f5es Penais sobre a Trag\u00e9dia de Brumadinho","isPartOf":{"@id":"https:\/\/obspenalbrumadinho.com.br\/#website"},"datePublished":"2023-08-29T05:58:32+00:00","dateModified":"2024-01-22T20:46:33+00:00","description":"Processes Germany %","breadcrumb":{"@id":"https:\/\/obspenalbrumadinho.com.br\/en\/proceedings\/processes-germany\/#breadcrumb"},"inLanguage":"en-US","potentialAction":[{"@type":"ReadAction","target":["https:\/\/obspenalbrumadinho.com.br\/en\/proceedings\/processes-germany\/"]}]},{"@type":"BreadcrumbList","@id":"https:\/\/obspenalbrumadinho.com.br\/en\/proceedings\/processes-germany\/#breadcrumb","itemListElement":[{"@type":"ListItem","position":1,"name":"Home","item":"https:\/\/obspenalbrumadinho.com.br\/en\/"},{"@type":"ListItem","position":2,"name":"Proceedings","item":"https:\/\/obspenalbrumadinho.com.br\/en\/proceedings\/"},{"@type":"ListItem","position":3,"name":"Processes Germany"}]},{"@type":"WebSite","@id":"https:\/\/obspenalbrumadinho.com.br\/#website","url":"https:\/\/obspenalbrumadinho.com.br\/","name":"Observat\u00f3rio das A\u00e7\u00f5es Penais sobre a Trag\u00e9dia de Brumadinho","description":"Observat\u00f3rio das a\u00e7\u00f5es penais sobre a trag\u00e9dia de Brumadinho: acompanhe processos criminais no Brasil e na Alemanha, acervo online e not\u00edcias em defesa da justi\u00e7a.","publisher":{"@id":"https:\/\/obspenalbrumadinho.com.br\/#organization"},"potentialAction":[{"@type":"SearchAction","target":{"@type":"EntryPoint","urlTemplate":"https:\/\/obspenalbrumadinho.com.br\/?s={search_term_string}"},"query-input":{"@type":"PropertyValueSpecification","valueRequired":true,"valueName":"search_term_string"}}],"inLanguage":"en-US"},{"@type":"Organization","@id":"https:\/\/obspenalbrumadinho.com.br\/#organization","name":"Observat\u00f3rio das A\u00e7\u00f5es Penais sobre a Trag\u00e9dia de Brumadinho","url":"https:\/\/obspenalbrumadinho.com.br\/","logo":{"@type":"ImageObject","inLanguage":"en-US","@id":"https:\/\/obspenalbrumadinho.com.br\/#\/schema\/logo\/image\/","url":"https:\/\/obspenalbrumadinho.com.br\/wp-content\/uploads\/2026\/02\/OBS-Logo-2025_Horizontal-1-scaled.png","contentUrl":"https:\/\/obspenalbrumadinho.com.br\/wp-content\/uploads\/2026\/02\/OBS-Logo-2025_Horizontal-1-scaled.png","width":2560,"height":1098,"caption":"Observat\u00f3rio das A\u00e7\u00f5es Penais sobre a Trag\u00e9dia de Brumadinho"},"image":{"@id":"https:\/\/obspenalbrumadinho.com.br\/#\/schema\/logo\/image\/"}}]}},"_links":{"self":[{"href":"https:\/\/obspenalbrumadinho.com.br\/en\/wp-json\/wp\/v2\/pages\/1929","targetHints":{"allow":["GET"]}}],"collection":[{"href":"https:\/\/obspenalbrumadinho.com.br\/en\/wp-json\/wp\/v2\/pages"}],"about":[{"href":"https:\/\/obspenalbrumadinho.com.br\/en\/wp-json\/wp\/v2\/types\/page"}],"author":[{"embeddable":true,"href":"https:\/\/obspenalbrumadinho.com.br\/en\/wp-json\/wp\/v2\/users\/1"}],"replies":[{"embeddable":true,"href":"https:\/\/obspenalbrumadinho.com.br\/en\/wp-json\/wp\/v2\/comments?post=1929"}],"version-history":[{"count":5,"href":"https:\/\/obspenalbrumadinho.com.br\/en\/wp-json\/wp\/v2\/pages\/1929\/revisions"}],"predecessor-version":[{"id":2722,"href":"https:\/\/obspenalbrumadinho.com.br\/en\/wp-json\/wp\/v2\/pages\/1929\/revisions\/2722"}],"up":[{"embeddable":true,"href":"https:\/\/obspenalbrumadinho.com.br\/en\/wp-json\/wp\/v2\/pages\/1928"}],"wp:attachment":[{"href":"https:\/\/obspenalbrumadinho.com.br\/en\/wp-json\/wp\/v2\/media?parent=1929"}],"curies":[{"name":"wp","href":"https:\/\/api.w.org\/{rel}","templated":true}]}}