 {"id":2565,"date":"2023-08-25T03:04:02","date_gmt":"2023-08-25T06:04:02","guid":{"rendered":"https:\/\/obspenalbrumadinho.com.br\/accessibility\/"},"modified":"2023-08-25T03:04:02","modified_gmt":"2023-08-25T06:04:02","slug":"accessibility","status":"publish","type":"page","link":"https:\/\/obspenalbrumadinho.com.br\/en\/accessibility\/","title":{"rendered":"Accessibility"},"content":{"rendered":"<h1>Accessibility<\/h1>\n<h2>Nessa p\u00e1gina, n\u00f3s apresentamos as medidas de acessibilidade utilizadas no nosso site e orienta sobre os recursos dispon\u00edveis<\/h2>\n<p>Nossa navega\u00e7\u00e3o \u00e9 estabelecida de acordo com uma sequ\u00eancia l\u00f3gica, adapt\u00e1vel aos leitores de tela, com utiliza\u00e7\u00e3o de teclas de atalho e \u00e2ncoras. Isso permite que pessoas com defici\u00eancia visual acessem o conte\u00fado do site de forma mais f\u00e1cil e intuitiva.<\/p>\n<p>Al\u00e9m disso, nossa interface foi desenvolvida com flexibilidade para adapta\u00e7\u00e3o \u00e0s diferentes resolu\u00e7\u00f5es, para poder ser acessado em diferentes dispositivos, como desktops, notebooks, tablets e smartphones.<\/p>\n<p>Para facilitar a leitura do site, disponibilizamos recurso como a amplia\u00e7\u00e3o ou redu\u00e7\u00e3o no tamanho das letras do conte\u00fado.<\/p>\n<p><img loading=\"lazy\" decoding=\"async\" class=\"alignnone size-full wp-image-391\" src=\"https:\/\/obspenalbrumadinho.com.br\/wp-content\/uploads\/2023\/08\/image-23.png\" alt=\"\" width=\"182\" height=\"28\" srcset=\"https:\/\/obspenalbrumadinho.com.br\/wp-content\/uploads\/2023\/08\/image-23.png 182w, https:\/\/obspenalbrumadinho.com.br\/wp-content\/uploads\/2023\/08\/image-23-162x25.png 162w\" sizes=\"auto, (max-width: 182px) 100vw, 182px\" \/><\/p>\n<p>Basta clicar no s\u00edmbolo A+ localizado na barra de acessibilidade, no topo da p\u00e1gina, para aumentar a fonte. Para voltar ao tamanho original, clique em A-.<\/p>\n<p><strong>Aumentar a fonte<\/strong><br \/>\n\u00c9 poss\u00edvel utilizar as op\u00e7\u00f5es de \u201czoom\u201d dispon\u00edveis em navegadores como Google Chrome, Internet Explorer e Firefox, pressionando as teclas \u201cCtrl\u201d e \u201c+\u201d para aumentar e \u201cCtrl\u201d e \u201c-\u201c para diminuir. Para voltar ao padr\u00e3o, pressione \u201cCtrl\u201d e \u201c0\u201d.<\/p>\n<p><strong>Teclas de atalho<\/strong><br \/>\nTeclas de atalho do Google Chrome, Internet Explorer e Firefox:<br \/>\nCtrl e F = Modal de pesquisa na p\u00e1gina;<br \/>\nCtrl e Home = Ir para o in\u00edcio da p\u00e1gina;<br \/>\nCtrl e End = Ir para o final da p\u00e1gina.<br \/>\nCtrl e + = Aumenta o site<br \/>\nCtrl e \u2013 = Diminui o site<br \/>\nCtrl e 0 = Volta os elementos da p\u00e1gina ao tamanho normal<\/p>\n<p><strong>Navega\u00e7\u00e3o por Tabula\u00e7\u00e3o<\/strong><br \/>\nPara navegar pelos elementos que recebem a\u00e7\u00e3o do usu\u00e1rio no site, como links, bot\u00f5es, campos de formul\u00e1rio e outros, \u00e9 poss\u00edvel utilizar a navega\u00e7\u00e3o por tabula\u00e7\u00e3o. Use a tecla Tab para navegar na ordem onde os elementos s\u00e3o apresentados na p\u00e1gina e a tecla Shift + Tab para retornar. Use as setas direcionais para acessar as informa\u00e7\u00f5es textuais ou submenus.<\/p>\n<p>Nosso compromisso com a acessibilidade \u00e9 cont\u00ednuo e estamos sempre buscando formas de tornar nosso site cada vez mais inclusivo para todas as pessoas. Caso tenha alguma sugest\u00e3o ou dificuldade de acesso ao conte\u00fado, entre em contato conosco para podermos avaliar e implementar novas medidas de acessibilidade.<\/p>\n","protected":false},"excerpt":{"rendered":"<p>Accessibility Nessa p\u00e1gina, n\u00f3s apresentamos as medidas de acessibilidade utilizadas no nosso site e orienta sobre os recursos dispon\u00edveis Nossa navega\u00e7\u00e3o \u00e9 estabelecida de acordo com uma sequ\u00eancia l\u00f3gica, adapt\u00e1vel aos leitores de tela, com utiliza\u00e7\u00e3o de teclas de atalho [&hellip;]<\/p>\n","protected":false},"author":1,"featured_media":0,"parent":0,"menu_order":0,"comment_status":"closed","ping_status":"closed","template":"page-templates\/texto.php","meta":{"_acf_changed":false,"footnotes":""},"class_list":["post-2565","page","type-page","status-publish","hentry"],"acf":[],"yoast_head":"<!-- This site is optimized with the Yoast SEO plugin v26.8 - https:\/\/yoast.com\/product\/yoast-seo-wordpress\/ -->\n<title>Accessibility - Observat\u00f3rio das A\u00e7\u00f5es Penais sobre a Trag\u00e9dia de Brumadinho<\/title>\n<meta name=\"description\" content=\"Accessibility %\" \/>\n<meta name=\"robots\" content=\"index, follow, max-snippet:-1, max-image-preview:large, max-video-preview:-1\" \/>\n<link rel=\"canonical\" href=\"https:\/\/obspenalbrumadinho.com.br\/en\/accessibility\/\" \/>\n<meta property=\"og:locale\" content=\"en_US\" \/>\n<meta property=\"og:type\" content=\"article\" \/>\n<meta property=\"og:title\" content=\"Accessibility - Observat\u00f3rio das A\u00e7\u00f5es Penais sobre a Trag\u00e9dia de Brumadinho\" \/>\n<meta property=\"og:description\" content=\"Accessibility %\" \/>\n<meta property=\"og:url\" content=\"https:\/\/obspenalbrumadinho.com.br\/en\/accessibility\/\" \/>\n<meta property=\"og:site_name\" content=\"Observat\u00f3rio das A\u00e7\u00f5es Penais sobre a Trag\u00e9dia de Brumadinho\" \/>\n<meta property=\"og:image\" content=\"https:\/\/obspenalbrumadinho.com.br\/wp-content\/uploads\/2023\/08\/image-23.png\" \/>\n<meta name=\"twitter:card\" content=\"summary_large_image\" \/>\n<meta name=\"twitter:label1\" content=\"Est. reading time\" \/>\n\t<meta name=\"twitter:data1\" content=\"2 minutes\" \/>\n<script type=\"application\/ld+json\" class=\"yoast-schema-graph\">{\"@context\":\"https:\/\/schema.org\",\"@graph\":[{\"@type\":\"WebPage\",\"@id\":\"https:\/\/obspenalbrumadinho.com.br\/en\/accessibility\/\",\"url\":\"https:\/\/obspenalbrumadinho.com.br\/en\/accessibility\/\",\"name\":\"Accessibility - Observat\u00f3rio das A\u00e7\u00f5es Penais sobre a Trag\u00e9dia de Brumadinho\",\"isPartOf\":{\"@id\":\"https:\/\/obspenalbrumadinho.com.br\/#website\"},\"primaryImageOfPage\":{\"@id\":\"https:\/\/obspenalbrumadinho.com.br\/en\/accessibility\/#primaryimage\"},\"image\":{\"@id\":\"https:\/\/obspenalbrumadinho.com.br\/en\/accessibility\/#primaryimage\"},\"thumbnailUrl\":\"https:\/\/obspenalbrumadinho.com.br\/wp-content\/uploads\/2023\/08\/image-23.png\",\"datePublished\":\"2023-08-25T06:04:02+00:00\",\"description\":\"Accessibility %\",\"breadcrumb\":{\"@id\":\"https:\/\/obspenalbrumadinho.com.br\/en\/accessibility\/#breadcrumb\"},\"inLanguage\":\"en-US\",\"potentialAction\":[{\"@type\":\"ReadAction\",\"target\":[\"https:\/\/obspenalbrumadinho.com.br\/en\/accessibility\/\"]}]},{\"@type\":\"ImageObject\",\"inLanguage\":\"en-US\",\"@id\":\"https:\/\/obspenalbrumadinho.com.br\/en\/accessibility\/#primaryimage\",\"url\":\"https:\/\/obspenalbrumadinho.com.br\/wp-content\/uploads\/2023\/08\/image-23.png\",\"contentUrl\":\"https:\/\/obspenalbrumadinho.com.br\/wp-content\/uploads\/2023\/08\/image-23.png\"},{\"@type\":\"BreadcrumbList\",\"@id\":\"https:\/\/obspenalbrumadinho.com.br\/en\/accessibility\/#breadcrumb\",\"itemListElement\":[{\"@type\":\"ListItem\",\"position\":1,\"name\":\"Home\",\"item\":\"https:\/\/obspenalbrumadinho.com.br\/en\/\"},{\"@type\":\"ListItem\",\"position\":2,\"name\":\"Accessibility\"}]},{\"@type\":\"WebSite\",\"@id\":\"https:\/\/obspenalbrumadinho.com.br\/#website\",\"url\":\"https:\/\/obspenalbrumadinho.com.br\/\",\"name\":\"Observat\u00f3rio das A\u00e7\u00f5es Penais sobre a Trag\u00e9dia de Brumadinho\",\"description\":\"Observat\u00f3rio das a\u00e7\u00f5es penais sobre a trag\u00e9dia de Brumadinho: acompanhe processos criminais no Brasil e na Alemanha, acervo online e not\u00edcias em defesa da justi\u00e7a.\",\"publisher\":{\"@id\":\"https:\/\/obspenalbrumadinho.com.br\/#organization\"},\"potentialAction\":[{\"@type\":\"SearchAction\",\"target\":{\"@type\":\"EntryPoint\",\"urlTemplate\":\"https:\/\/obspenalbrumadinho.com.br\/?s={search_term_string}\"},\"query-input\":{\"@type\":\"PropertyValueSpecification\",\"valueRequired\":true,\"valueName\":\"search_term_string\"}}],\"inLanguage\":\"en-US\"},{\"@type\":\"Organization\",\"@id\":\"https:\/\/obspenalbrumadinho.com.br\/#organization\",\"name\":\"Observat\u00f3rio das A\u00e7\u00f5es Penais sobre a Trag\u00e9dia de Brumadinho\",\"url\":\"https:\/\/obspenalbrumadinho.com.br\/\",\"logo\":{\"@type\":\"ImageObject\",\"inLanguage\":\"en-US\",\"@id\":\"https:\/\/obspenalbrumadinho.com.br\/#\/schema\/logo\/image\/\",\"url\":\"https:\/\/obspenalbrumadinho.com.br\/wp-content\/uploads\/2026\/02\/OBS-Logo-2025_Horizontal-1-scaled.png\",\"contentUrl\":\"https:\/\/obspenalbrumadinho.com.br\/wp-content\/uploads\/2026\/02\/OBS-Logo-2025_Horizontal-1-scaled.png\",\"width\":2560,\"height\":1098,\"caption\":\"Observat\u00f3rio das A\u00e7\u00f5es Penais sobre a Trag\u00e9dia de Brumadinho\"},\"image\":{\"@id\":\"https:\/\/obspenalbrumadinho.com.br\/#\/schema\/logo\/image\/\"}}]}<\/script>\n<!-- \/ Yoast SEO plugin. -->","yoast_head_json":{"title":"Accessibility - Observat\u00f3rio das A\u00e7\u00f5es Penais sobre a Trag\u00e9dia de Brumadinho","description":"Accessibility %","robots":{"index":"index","follow":"follow","max-snippet":"max-snippet:-1","max-image-preview":"max-image-preview:large","max-video-preview":"max-video-preview:-1"},"canonical":"https:\/\/obspenalbrumadinho.com.br\/en\/accessibility\/","og_locale":"en_US","og_type":"article","og_title":"Accessibility - Observat\u00f3rio das A\u00e7\u00f5es Penais sobre a Trag\u00e9dia de Brumadinho","og_description":"Accessibility %","og_url":"https:\/\/obspenalbrumadinho.com.br\/en\/accessibility\/","og_site_name":"Observat\u00f3rio das A\u00e7\u00f5es Penais sobre a Trag\u00e9dia de Brumadinho","og_image":[{"url":"https:\/\/obspenalbrumadinho.com.br\/wp-content\/uploads\/2023\/08\/image-23.png","type":"","width":"","height":""}],"twitter_card":"summary_large_image","twitter_misc":{"Est. reading time":"2 minutes"},"schema":{"@context":"https:\/\/schema.org","@graph":[{"@type":"WebPage","@id":"https:\/\/obspenalbrumadinho.com.br\/en\/accessibility\/","url":"https:\/\/obspenalbrumadinho.com.br\/en\/accessibility\/","name":"Accessibility - Observat\u00f3rio das A\u00e7\u00f5es Penais sobre a Trag\u00e9dia de Brumadinho","isPartOf":{"@id":"https:\/\/obspenalbrumadinho.com.br\/#website"},"primaryImageOfPage":{"@id":"https:\/\/obspenalbrumadinho.com.br\/en\/accessibility\/#primaryimage"},"image":{"@id":"https:\/\/obspenalbrumadinho.com.br\/en\/accessibility\/#primaryimage"},"thumbnailUrl":"https:\/\/obspenalbrumadinho.com.br\/wp-content\/uploads\/2023\/08\/image-23.png","datePublished":"2023-08-25T06:04:02+00:00","description":"Accessibility %","breadcrumb":{"@id":"https:\/\/obspenalbrumadinho.com.br\/en\/accessibility\/#breadcrumb"},"inLanguage":"en-US","potentialAction":[{"@type":"ReadAction","target":["https:\/\/obspenalbrumadinho.com.br\/en\/accessibility\/"]}]},{"@type":"ImageObject","inLanguage":"en-US","@id":"https:\/\/obspenalbrumadinho.com.br\/en\/accessibility\/#primaryimage","url":"https:\/\/obspenalbrumadinho.com.br\/wp-content\/uploads\/2023\/08\/image-23.png","contentUrl":"https:\/\/obspenalbrumadinho.com.br\/wp-content\/uploads\/2023\/08\/image-23.png"},{"@type":"BreadcrumbList","@id":"https:\/\/obspenalbrumadinho.com.br\/en\/accessibility\/#breadcrumb","itemListElement":[{"@type":"ListItem","position":1,"name":"Home","item":"https:\/\/obspenalbrumadinho.com.br\/en\/"},{"@type":"ListItem","position":2,"name":"Accessibility"}]},{"@type":"WebSite","@id":"https:\/\/obspenalbrumadinho.com.br\/#website","url":"https:\/\/obspenalbrumadinho.com.br\/","name":"Observat\u00f3rio das A\u00e7\u00f5es Penais sobre a Trag\u00e9dia de Brumadinho","description":"Observat\u00f3rio das a\u00e7\u00f5es penais sobre a trag\u00e9dia de Brumadinho: acompanhe processos criminais no Brasil e na Alemanha, acervo online e not\u00edcias em defesa da justi\u00e7a.","publisher":{"@id":"https:\/\/obspenalbrumadinho.com.br\/#organization"},"potentialAction":[{"@type":"SearchAction","target":{"@type":"EntryPoint","urlTemplate":"https:\/\/obspenalbrumadinho.com.br\/?s={search_term_string}"},"query-input":{"@type":"PropertyValueSpecification","valueRequired":true,"valueName":"search_term_string"}}],"inLanguage":"en-US"},{"@type":"Organization","@id":"https:\/\/obspenalbrumadinho.com.br\/#organization","name":"Observat\u00f3rio das A\u00e7\u00f5es Penais sobre a Trag\u00e9dia de Brumadinho","url":"https:\/\/obspenalbrumadinho.com.br\/","logo":{"@type":"ImageObject","inLanguage":"en-US","@id":"https:\/\/obspenalbrumadinho.com.br\/#\/schema\/logo\/image\/","url":"https:\/\/obspenalbrumadinho.com.br\/wp-content\/uploads\/2026\/02\/OBS-Logo-2025_Horizontal-1-scaled.png","contentUrl":"https:\/\/obspenalbrumadinho.com.br\/wp-content\/uploads\/2026\/02\/OBS-Logo-2025_Horizontal-1-scaled.png","width":2560,"height":1098,"caption":"Observat\u00f3rio das A\u00e7\u00f5es Penais sobre a Trag\u00e9dia de Brumadinho"},"image":{"@id":"https:\/\/obspenalbrumadinho.com.br\/#\/schema\/logo\/image\/"}}]}},"_links":{"self":[{"href":"https:\/\/obspenalbrumadinho.com.br\/en\/wp-json\/wp\/v2\/pages\/2565","targetHints":{"allow":["GET"]}}],"collection":[{"href":"https:\/\/obspenalbrumadinho.com.br\/en\/wp-json\/wp\/v2\/pages"}],"about":[{"href":"https:\/\/obspenalbrumadinho.com.br\/en\/wp-json\/wp\/v2\/types\/page"}],"author":[{"embeddable":true,"href":"https:\/\/obspenalbrumadinho.com.br\/en\/wp-json\/wp\/v2\/users\/1"}],"replies":[{"embeddable":true,"href":"https:\/\/obspenalbrumadinho.com.br\/en\/wp-json\/wp\/v2\/comments?post=2565"}],"version-history":[{"count":0,"href":"https:\/\/obspenalbrumadinho.com.br\/en\/wp-json\/wp\/v2\/pages\/2565\/revisions"}],"wp:attachment":[{"href":"https:\/\/obspenalbrumadinho.com.br\/en\/wp-json\/wp\/v2\/media?parent=2565"}],"curies":[{"name":"wp","href":"https:\/\/api.w.org\/{rel}","templated":true}]}}